{"id":9,"date":"2024-07-17T04:32:00","date_gmt":"2024-07-17T04:32:00","guid":{"rendered":"https:\/\/dangky.drhacademy.com.vn\/?page_id=9"},"modified":"2026-01-10T08:58:09","modified_gmt":"2026-01-10T08:58:09","slug":"uu-dai-mezopro","status":"publish","type":"page","link":"https:\/\/dangky.drhacademy.com.vn\/","title":{"rendered":"\u01afu \u0111\u00e3i \u0111\u1ed9c quy\u1ec1n DRH"},"content":{"rendered":"\t\t<div data-elementor-type=\"wp-post\" data-elementor-id=\"9\" class=\"elementor elementor-9\" data-elementor-post-type=\"page\">\n\t\t\t\t<div class=\"elementor-element elementor-element-f37380b e-con-full e-flex e-con e-parent\" data-id=\"f37380b\" data-element_type=\"container\" data-settings=\"{&quot;background_background&quot;:&quot;classic&quot;}\">\n\t\t<div class=\"elementor-element elementor-element-0d3687c e-con-full e-flex e-con e-child\" data-id=\"0d3687c\" data-element_type=\"container\">\n\t\t\t\t<div class=\"elementor-element elementor-element-c51980b elementor-widget elementor-widget-image\" data-id=\"c51980b\" data-element_type=\"widget\" data-widget_type=\"image.default\">\n\t\t\t\t<div class=\"elementor-widget-container\">\n\t\t\t\t\t\t\t\t\t\t\t\t\t\t\t<img fetchpriority=\"high\" decoding=\"async\" width=\"2560\" height=\"1477\" src=\"https:\/\/dangky.drhacademy.com.vn\/wp-content\/uploads\/2026\/01\/20260120.1-scaled.webp\" class=\"attachment-full size-full wp-image-215\" alt=\"\" srcset=\"https:\/\/dangky.drhacademy.com.vn\/wp-content\/uploads\/2026\/01\/20260120.1-scaled.webp 2560w, https:\/\/dangky.drhacademy.com.vn\/wp-content\/uploads\/2026\/01\/20260120.1-300x173.webp 300w, https:\/\/dangky.drhacademy.com.vn\/wp-content\/uploads\/2026\/01\/20260120.1-1024x591.webp 1024w, https:\/\/dangky.drhacademy.com.vn\/wp-content\/uploads\/2026\/01\/20260120.1-768x443.webp 768w, https:\/\/dangky.drhacademy.com.vn\/wp-content\/uploads\/2026\/01\/20260120.1-1536x886.webp 1536w, https:\/\/dangky.drhacademy.com.vn\/wp-content\/uploads\/2026\/01\/20260120.1-2048x1182.webp 2048w\" sizes=\"(max-width: 2560px) 100vw, 2560px\" \/>\t\t\t\t\t\t\t\t\t\t\t\t\t\t\t<\/div>\n\t\t\t\t<\/div>\n\t\t\t\t<\/div>\n\t\t<div class=\"elementor-element elementor-element-1f431a5 e-con-full e-flex e-con e-child\" data-id=\"1f431a5\" data-element_type=\"container\" data-settings=\"{&quot;background_background&quot;:&quot;gradient&quot;}\">\n\t\t\t\t<div class=\"elementor-element elementor-element-0d28d49 elementor-widget-mobile__width-initial elementor-mobile-button-align-center elementor-button-align-center elementor-widget elementor-widget-form\" data-id=\"0d28d49\" data-element_type=\"widget\" data-settings=\"{&quot;step_next_label&quot;:&quot;Next&quot;,&quot;step_previous_label&quot;:&quot;Previous&quot;,&quot;button_width&quot;:&quot;100&quot;,&quot;step_type&quot;:&quot;number_text&quot;,&quot;step_icon_shape&quot;:&quot;circle&quot;}\" data-widget_type=\"form.default\">\n\t\t\t\t<div class=\"elementor-widget-container\">\n\t\t\t\t\t\t\t<form class=\"elementor-form\" method=\"post\" name=\"\u0110\u0103ng k\u00fd form\">\n\t\t\t<input type=\"hidden\" name=\"post_id\" value=\"9\"\/>\n\t\t\t<input type=\"hidden\" name=\"form_id\" value=\"0d28d49\"\/>\n\t\t\t<input type=\"hidden\" name=\"referer_title\" value=\"\" \/>\n\n\t\t\t\t\t\t\t<input type=\"hidden\" name=\"queried_id\" value=\"9\"\/>\n\t\t\t\n\t\t\t<div class=\"elementor-form-fields-wrapper elementor-labels-\">\n\t\t\t\t\t\t\t\t<div class=\"elementor-field-type-text elementor-field-group elementor-column elementor-field-group-name elementor-col-100 elementor-field-required\">\n\t\t\t\t\t\t\t\t\t\t\t\t<label for=\"form-field-name\" class=\"elementor-field-label elementor-screen-only\">\n\t\t\t\t\t\t\t\tH\u1ecd v\u00e0 t\u00ean\t\t\t\t\t\t\t<\/label>\n\t\t\t\t\t\t\t\t\t\t\t\t\t\t<input size=\"1\" type=\"text\" name=\"form_fields[name]\" id=\"form-field-name\" class=\"elementor-field elementor-size-sm  elementor-field-textual\" placeholder=\"H\u1ecd v\u00e0 t\u00ean\" required=\"required\" aria-required=\"true\">\n\t\t\t\t\t\t\t\t\t\t\t<\/div>\n\t\t\t\t\t\t\t\t<div class=\"elementor-field-type-tel elementor-field-group elementor-column elementor-field-group-field_ad0568c elementor-col-100 elementor-field-required\">\n\t\t\t\t\t\t\t\t\t\t\t\t<label for=\"form-field-field_ad0568c\" class=\"elementor-field-label elementor-screen-only\">\n\t\t\t\t\t\t\t\tS\u1ed1 \u0111i\u1ec7n tho\u1ea1i\t\t\t\t\t\t\t<\/label>\n\t\t\t\t\t\t\t\t<input size=\"1\" type=\"tel\" name=\"form_fields[field_ad0568c]\" id=\"form-field-field_ad0568c\" class=\"elementor-field elementor-size-sm  elementor-field-textual\" placeholder=\"S\u1ed1 \u0111i\u1ec7n tho\u1ea1i\" required=\"required\" aria-required=\"true\" pattern=\"[0-9()#&amp;+*-=.]+\" title=\"Only numbers and phone characters (#, -, *, etc) are accepted.\">\n\n\t\t\t\t\t\t<\/div>\n\t\t\t\t\t\t\t\t<div class=\"elementor-field-type-text elementor-field-group elementor-column elementor-field-group-field_6fda00b elementor-col-100\">\n\t\t\t\t\t\t\t\t\t\t\t\t<label for=\"form-field-field_6fda00b\" class=\"elementor-field-label elementor-screen-only\">\n\t\t\t\t\t\t\t\tGhi ch\u00fa\t\t\t\t\t\t\t<\/label>\n\t\t\t\t\t\t\t\t\t\t\t\t\t\t<input size=\"1\" type=\"text\" name=\"form_fields[field_6fda00b]\" id=\"form-field-field_6fda00b\" class=\"elementor-field elementor-size-sm  elementor-field-textual\" placeholder=\"Ghi ch\u00fa\">\n\t\t\t\t\t\t\t\t\t\t\t<\/div>\n\t\t\t\t\t\t\t\t<div class=\"elementor-field-group elementor-column elementor-field-type-submit elementor-col-100 e-form__buttons\">\n\t\t\t\t\t<button class=\"elementor-button elementor-size-sm\" type=\"submit\">\n\t\t\t\t\t\t<span class=\"elementor-button-content-wrapper\">\n\t\t\t\t\t\t\t\t\t\t\t\t\t\t\t\t\t\t\t\t<\/span>\n\t\t\t\t\t<\/button>\n\t\t\t\t<\/div>\n\t\t\t<\/div>\n\t\t<\/form>\n\t\t\t\t\t\t<\/div>\n\t\t\t\t<\/div>\n\t\t\t\t<\/div>\n\t\t<div class=\"elementor-element elementor-element-19ad309 e-con-full e-flex e-con e-child\" data-id=\"19ad309\" data-element_type=\"container\" data-settings=\"{&quot;background_background&quot;:&quot;gradient&quot;}\">\n\t\t\t\t<div class=\"elementor-element elementor-element-e139b9e elementor-widget__width-initial elementor-widget-mobile__width-initial elementor-widget elementor-widget-image\" data-id=\"e139b9e\" data-element_type=\"widget\" data-widget_type=\"image.default\">\n\t\t\t\t<div class=\"elementor-widget-container\">\n\t\t\t\t\t\t\t\t\t\t\t\t\t\t\t<img decoding=\"async\" width=\"2194\" height=\"1729\" src=\"https:\/\/dangky.drhacademy.com.vn\/wp-content\/uploads\/2026\/01\/20260120.ver3_.webp\" class=\"attachment-full size-full wp-image-220\" alt=\"\" srcset=\"https:\/\/dangky.drhacademy.com.vn\/wp-content\/uploads\/2026\/01\/20260120.ver3_.webp 2194w, https:\/\/dangky.drhacademy.com.vn\/wp-content\/uploads\/2026\/01\/20260120.ver3_-300x236.webp 300w, https:\/\/dangky.drhacademy.com.vn\/wp-content\/uploads\/2026\/01\/20260120.ver3_-1024x807.webp 1024w, https:\/\/dangky.drhacademy.com.vn\/wp-content\/uploads\/2026\/01\/20260120.ver3_-768x605.webp 768w, https:\/\/dangky.drhacademy.com.vn\/wp-content\/uploads\/2026\/01\/20260120.ver3_-1536x1210.webp 1536w, https:\/\/dangky.drhacademy.com.vn\/wp-content\/uploads\/2026\/01\/20260120.ver3_-2048x1614.webp 2048w\" sizes=\"(max-width: 2194px) 100vw, 2194px\" \/>\t\t\t\t\t\t\t\t\t\t\t\t\t\t\t<\/div>\n\t\t\t\t<\/div>\n\t\t\t\t<\/div>\n\t\t\t\t<\/div>\n\t\t\t\t<\/div>\n\t\t","protected":false},"excerpt":{"rendered":"","protected":false},"author":2,"featured_media":0,"parent":0,"menu_order":0,"comment_status":"closed","ping_status":"closed","template":"","meta":{"footnotes":""},"class_list":["post-9","page","type-page","status-publish","hentry"],"_links":{"self":[{"href":"https:\/\/dangky.drhacademy.com.vn\/index.php\/wp-json\/wp\/v2\/pages\/9","targetHints":{"allow":["GET"]}}],"collection":[{"href":"https:\/\/dangky.drhacademy.com.vn\/index.php\/wp-json\/wp\/v2\/pages"}],"about":[{"href":"https:\/\/dangky.drhacademy.com.vn\/index.php\/wp-json\/wp\/v2\/types\/page"}],"author":[{"embeddable":true,"href":"https:\/\/dangky.drhacademy.com.vn\/index.php\/wp-json\/wp\/v2\/users\/2"}],"replies":[{"embeddable":true,"href":"https:\/\/dangky.drhacademy.com.vn\/index.php\/wp-json\/wp\/v2\/comments?post=9"}],"version-history":[{"count":131,"href":"https:\/\/dangky.drhacademy.com.vn\/index.php\/wp-json\/wp\/v2\/pages\/9\/revisions"}],"predecessor-version":[{"id":240,"href":"https:\/\/dangky.drhacademy.com.vn\/index.php\/wp-json\/wp\/v2\/pages\/9\/revisions\/240"}],"wp:attachment":[{"href":"https:\/\/dangky.drhacademy.com.vn\/index.php\/wp-json\/wp\/v2\/media?parent=9"}],"curies":[{"name":"wp","href":"https:\/\/api.w.org\/{rel}","templated":true}]}}